{"id":3,"date":"2022-11-29T19:44:33","date_gmt":"2022-11-29T19:44:33","guid":{"rendered":"http:\/\/www2.mrh.cl\/?page_id=3"},"modified":"2026-03-10T17:56:23","modified_gmt":"2026-03-10T17:56:23","slug":"politica-privacidad","status":"publish","type":"page","link":"https:\/\/www.mrh.cl\/politica-privacidad\/","title":{"rendered":"Pol\u00edtica de privacidad"},"content":{"rendered":"<p>[et_pb_section fb_built=&#8221;1&#8243; disabled_on=&#8221;off|off|off&#8221; _builder_version=&#8221;4.27.5&#8243; _module_preset=&#8221;default&#8221; background_color=&#8221;#2a789b&#8221; custom_padding=&#8221;1em||1em||true|false&#8221; da_disable_devices=&#8221;off|off|off&#8221; border_width_bottom=&#8221;3px&#8221; border_color_bottom=&#8221;#FFFFFF&#8221; locked=&#8221;off&#8221; global_colors_info=&#8221;{}&#8221; da_is_popup=&#8221;off&#8221; da_exit_intent=&#8221;off&#8221; da_has_close=&#8221;on&#8221; da_alt_close=&#8221;off&#8221; da_dark_close=&#8221;off&#8221; da_not_modal=&#8221;on&#8221; da_is_singular=&#8221;off&#8221; da_with_loader=&#8221;off&#8221; da_has_shadow=&#8221;on&#8221;][et_pb_row column_structure=&#8221;3_4,1_4&#8243; make_equal=&#8221;on&#8221; _builder_version=&#8221;4.27.5&#8243; _module_preset=&#8221;default&#8221; custom_css_main_element=&#8221;display: flex; align-items: center;&#8221; global_colors_info=&#8221;{}&#8221; custom_css_main_element_last_edited=&#8221;on|phone&#8221; custom_css_main_element_phone=&#8221;display: flex;||flex-direction: column;||width: 80% !important;||padding-bottom: 0;&#8221; custom_css_main_element_tablet=&#8221;display: flex; align-items: center;&#8221;][et_pb_column type=&#8221;3_4&#8243; _builder_version=&#8221;4.27.5&#8243; _module_preset=&#8221;default&#8221; global_colors_info=&#8221;{}&#8221;][et_pb_blurb title=&#8221;Pol\u00edticas de Privacidad&#8221; image=&#8221;https:\/\/www.mrh.cl\/wp-content\/uploads\/2022\/11\/icon-flecha.svg&#8221; icon_placement=&#8221;left&#8221; content_max_width=&#8221;100%&#8221; _builder_version=&#8221;4.27.5&#8243; _module_preset=&#8221;default&#8221; header_level=&#8221;h1&#8243; header_text_color=&#8221;#FFFFFF&#8221; header_font_size_tablet=&#8221;&#8221; header_font_size_phone=&#8221;26px&#8221; header_font_size_last_edited=&#8221;on|phone&#8221; global_colors_info=&#8221;{}&#8221;][\/et_pb_blurb][\/et_pb_column][et_pb_column type=&#8221;1_4&#8243; _builder_version=&#8221;4.27.5&#8243; _module_preset=&#8221;default&#8221; global_colors_info=&#8221;{}&#8221;][et_pb_image src=&#8221;https:\/\/www.mrh.cl\/wp-content\/uploads\/2026\/02\/web-mrh-2026.webp&#8221; alt=&#8221;Logo&#8221; title_text=&#8221;web-mrh-2026&#8243; disabled_on=&#8221;on|off|off&#8221; _builder_version=&#8221;4.27.5&#8243; _module_preset=&#8221;default&#8221; width=&#8221;100%&#8221; module_alignment=&#8221;right&#8221; global_colors_info=&#8221;{}&#8221;][\/et_pb_image][\/et_pb_column][\/et_pb_row][\/et_pb_section][et_pb_section fb_built=&#8221;1&#8243; admin_label=&#8221;section&#8221; _builder_version=&#8221;4.16&#8243; da_disable_devices=&#8221;off|off|off&#8221; global_colors_info=&#8221;{}&#8221; da_is_popup=&#8221;off&#8221; da_exit_intent=&#8221;off&#8221; da_has_close=&#8221;on&#8221; da_alt_close=&#8221;off&#8221; da_dark_close=&#8221;off&#8221; da_not_modal=&#8221;on&#8221; da_is_singular=&#8221;off&#8221; da_with_loader=&#8221;off&#8221; da_has_shadow=&#8221;on&#8221;][et_pb_row admin_label=&#8221;row&#8221; _builder_version=&#8221;4.16&#8243; background_size=&#8221;initial&#8221; background_position=&#8221;top_left&#8221; background_repeat=&#8221;repeat&#8221; global_colors_info=&#8221;{}&#8221;][et_pb_column type=&#8221;4_4&#8243; _builder_version=&#8221;4.16&#8243; custom_padding=&#8221;|||&#8221; global_colors_info=&#8221;{}&#8221; custom_padding__hover=&#8221;|||&#8221;][et_pb_text admin_label=&#8221;Text&#8221; _builder_version=&#8221;4.27.6&#8243; background_size=&#8221;initial&#8221; background_position=&#8221;top_left&#8221; background_repeat=&#8221;repeat&#8221; hover_enabled=&#8221;0&#8243; global_colors_info=&#8221;{}&#8221; sticky_enabled=&#8221;0&#8243;]<\/p>\n<p>La presente Pol\u00edtica de Privacidad tiene por finalidad informar a los usuarios del tratamiento de los datos personales que se recogen a trav\u00e9s de nuestra web, en cumplimiento con la Ley N.\u00ba 19.628 sobre Protecci\u00f3n de la Vida Privada.<\/p>\n<p>El presente documento contiene las Pol\u00edticas de Privacidad y Uso de Cookies del Mag\u00edster en Administraci\u00f3n y Direcci\u00f3n de Recursos Humanos (MRH), impartido por la Facultad de Administraci\u00f3n y Econom\u00eda de la Universidad de Santiago de Chile, respecto de los usuarios, estudiantes o postulantes que accedan a trav\u00e9s de Internet al sitio web <a href=\"https:\/\/www.mrh.cl\/\">www.mrh.cl<\/a>.<\/p>\n<p><strong>1. CONDICIONES DE USO<\/strong><\/p>\n<p>Esta p\u00e1gina web es propiedad del programa de Mag\u00edster en Administraci\u00f3n y Direcci\u00f3n de Recursos Humanos (MRH) de la Universidad de Santiago de Chile, cuyo domicilio se encuentra en Avenida Libertador Bernardo O\u2019Higgins #3363, Estaci\u00f3n Central, Santiago.<\/p>\n<p>Todos los contenidos de este sitio web, incluyendo textos, im\u00e1genes, mallas curriculares y otros, son propiedad intelectual del programa MRH o de la Universidad de Santiago de Chile.<\/p>\n<p>Asimismo, la copia y el uso indebido del contenido de este sitio, incluyendo textos, im\u00e1genes y otros, se rigen por la Ley 17.336 sobre Propiedad Intelectual.<\/p>\n<p><strong>2. USO DE MICROSOFT CLARITY<\/strong><\/p>\n<p>En nuestro esfuerzo por ofrecer una mejor experiencia de usuario en el sitio web del MRH, utilizamos Microsoft Clarity.<\/p>\n<p>Esta herramienta registra la navegaci\u00f3n e interacci\u00f3n de los usuarios con el sitio web, permiti\u00e9ndonos mejorar la experiencia de navegaci\u00f3n en <a href=\"https:\/\/www.mrh.cl\/\">www.mrh.cl<\/a>.<\/p>\n<p>Los datos de uso del sitio web se capturan mediante cookies propias y de terceros y otras tecnolog\u00edas de seguimiento para registrar las interacciones de la actividad en l\u00ednea.<\/p>\n<p>Adem\u00e1s, utilizamos esta informaci\u00f3n para la optimizaci\u00f3n del sitio y con fines estad\u00edsticos para mejorar la oferta acad\u00e9mica y la usabilidad de nuestra plataforma.<\/p>\n<p>Para obtener m\u00e1s informaci\u00f3n sobre c\u00f3mo Microsoft recopila y utiliza sus datos, visite las Pol\u00edticas de privacidad de Microsoft.<\/p>\n<p><strong>3. POL\u00cdTICA DE PRIVACIDAD DE DATOS<\/strong><\/p>\n<p>A trav\u00e9s del presente aviso, el Mag\u00edster en Administraci\u00f3n y Direcci\u00f3n de Recursos Humanos informa a los usuarios de este sitio acerca de su pol\u00edtica de protecci\u00f3n de datos personales.<\/p>\n<p>Esto se hace con la finalidad de que decidan libre y voluntariamente si desean facilitar al MRH los datos personales que les puedan ser solicitados en los formularios de contacto o postulaci\u00f3n.<\/p>\n<p>Salvo que espec\u00edficamente se establezca lo contrario, se considerar\u00e1 necesario completar los datos en todos los campos de un formulario espec\u00edfico. Si no se suministraran todos los datos considerados necesarios, el MRH podr\u00e1 no procesar la solicitud de contacto o postulaci\u00f3n del usuario.<\/p>\n<p>El usuario deber\u00e1 rellenar los formularios con datos verdaderos, exactos, completos y actualizados. El usuario ser\u00e1 el \u00fanico responsable de cualquier da\u00f1o o perjuicio, directo o indirecto, que pudiera ocasionar al MRH o a cualquier tercero a causa de la cumplimentaci\u00f3n de los formularios con datos falsos, inexactos, incompletos o no actualizados.<\/p>\n<p>Mediante el env\u00edo de esta informaci\u00f3n, el usuario autoriza expresamente al Mag\u00edster en Administraci\u00f3n y Direcci\u00f3n de Recursos Humanos a tratar sus datos personales para fines acad\u00e9micos, de admisi\u00f3n y de comunicaci\u00f3n institucional.<\/p>\n<p>Asimismo, se incluye el env\u00edo, por cualquier medio (incluidos los electr\u00f3nicos), de informaci\u00f3n sobre el programa, fechas de postulaci\u00f3n, charlas, noticias y actividades acad\u00e9micas que pudieran resultar de su inter\u00e9s.<\/p>\n<p>El titular de los datos personales podr\u00e1 en todo momento ejercer los derechos otorgados por la Ley N.\u00ba 19.628, pudiendo solicitar informaci\u00f3n, rectificaci\u00f3n o eliminaci\u00f3n de sus datos contactando a la administraci\u00f3n del programa.<\/p>\n<p><strong>4. USO DE COOKIES<\/strong><\/p>\n<p>En nuestra web usamos cookies propias que nos permiten mejorar la experiencia de usuario y ofrecer contenidos adaptados a tus intereses acad\u00e9micos.<\/p>\n<p>Adem\u00e1s, usamos cookies de terceras partes que nos ayudan a analizar el tr\u00e1fico y comportamiento en el sitio para mejorar nuestra oferta educativa.<\/p>\n<p>En caso de que contin\u00faes navegando con el navegador configurado para aceptar cookies, entenderemos que aceptas la instalaci\u00f3n de cookies tal y como se detalla en esta pol\u00edtica.<\/p>\n<p><strong>5. RETENCI\u00d3N DE DATOS<\/strong><br \/>Retenemos su informaci\u00f3n personal solo durante el tiempo necesario para cumplir con los fines para los que fue recopilada, incluidos los requisitos legales, contables o de informes.<\/p>\n<p><strong>6. INFORMACI\u00d3N DE CONTACTO<\/strong><br \/>Si tiene preguntas o inquietudes sobre esta Pol\u00edtica de Privacidad, puede <a href=\"https:\/\/www.mrh.cl\/postula\/\">contactarnos<\/a><\/p>\n<p>[\/et_pb_text][\/et_pb_column][\/et_pb_row][\/et_pb_section]<\/p>\n","protected":false},"excerpt":{"rendered":"<p>La presente Pol\u00edtica de Privacidad tiene por finalidad informar a los usuarios del tratamiento de los datos personales que se recogen a trav\u00e9s de nuestra web, en cumplimiento con la Ley N.\u00ba 19.628 sobre Protecci\u00f3n de la Vida Privada. El presente documento contiene las Pol\u00edticas de Privacidad y Uso de Cookies del Mag\u00edster en Administraci\u00f3n [&hellip;]<\/p>\n","protected":false},"author":1,"featured_media":0,"parent":0,"menu_order":0,"comment_status":"closed","ping_status":"closed","template":"","meta":{"_et_pb_use_builder":"on","_et_pb_old_content":"<!-- wp:heading --><h2>Qui\u00e9nes somos<\/h2><!-- \/wp:heading --><!-- wp:paragraph --><p><strong class=\"privacy-policy-tutorial\">Texto sugerido: <\/strong>La direcci\u00f3n de nuestra web es: http:\/\/www2.mrh.cl.<\/p><!-- \/wp:paragraph --><!-- wp:heading --><h2>Comentarios<\/h2><!-- \/wp:heading --><!-- wp:paragraph --><p><strong class=\"privacy-policy-tutorial\">Texto sugerido: <\/strong>Cuando los visitantes dejan comentarios en la web, recopilamos los datos que se muestran en el formulario de comentarios, as\u00ed como la direcci\u00f3n IP del visitante y la cadena de agentes de usuario del navegador para ayudar a la detecci\u00f3n de spam.<\/p><!-- \/wp:paragraph --><!-- wp:paragraph --><p>Una cadena an\u00f3nima creada a partir de tu direcci\u00f3n de correo electr\u00f3nico (tambi\u00e9n llamada hash) puede ser proporcionada al servicio de Gravatar para ver si la est\u00e1s usando. La pol\u00edtica de privacidad del servicio Gravatar est\u00e1 disponible aqu\u00ed: https:\/\/automattic.com\/privacy\/. Despu\u00e9s de la aprobaci\u00f3n de tu comentario, la imagen de tu perfil es visible para el p\u00fablico en el contexto de tu comentario.<\/p><!-- \/wp:paragraph --><!-- wp:heading --><h2>Medios<\/h2><!-- \/wp:heading --><!-- wp:paragraph --><p><strong class=\"privacy-policy-tutorial\">Texto sugerido: <\/strong>Si subes im\u00e1genes a la web, deber\u00edas evitar subir im\u00e1genes con datos de ubicaci\u00f3n (GPS EXIF) incluidos. Los visitantes de la web pueden descargar y extraer cualquier dato de ubicaci\u00f3n de las im\u00e1genes de la web.<\/p><!-- \/wp:paragraph --><!-- wp:heading --><h2>Cookies<\/h2><!-- \/wp:heading --><!-- wp:paragraph --><p><strong class=\"privacy-policy-tutorial\">Texto sugerido: <\/strong>Si dejas un comentario en nuestro sitio puedes elegir guardar tu nombre, direcci\u00f3n de correo electr\u00f3nico y web en cookies. Esto es para tu comodidad, para que no tengas que volver a rellenar tus datos cuando dejes otro comentario. Estas cookies tendr\u00e1n una duraci\u00f3n de un a\u00f1o.<\/p><!-- \/wp:paragraph --><!-- wp:paragraph --><p>Si tienes una cuenta y te conectas a este sitio, instalaremos una cookie temporal para determinar si tu navegador acepta cookies. Esta cookie no contiene datos personales y se elimina al cerrar el navegador.<\/p><!-- \/wp:paragraph --><!-- wp:paragraph --><p>Cuando accedas, tambi\u00e9n instalaremos varias cookies para guardar tu informaci\u00f3n de acceso y tus opciones de visualizaci\u00f3n de pantalla. Las cookies de acceso duran dos d\u00edas, y las cookies de opciones de pantalla duran un a\u00f1o. Si seleccionas \u00abRecu\u00e9rdarme\u00bb, tu acceso perdurar\u00e1 durante dos semanas. Si sales de tu cuenta, las cookies de acceso se eliminar\u00e1n.<\/p><!-- \/wp:paragraph --><!-- wp:paragraph --><p>Si editas o publicas un art\u00edculo se guardar\u00e1 una cookie adicional en tu navegador. Esta cookie no incluye datos personales y simplemente indica el ID del art\u00edculo que acabas de editar. Caduca despu\u00e9s de 1 d\u00eda.<\/p><!-- \/wp:paragraph --><!-- wp:heading --><h2>Contenido incrustado de otros sitios web<\/h2><!-- \/wp:heading --><!-- wp:paragraph --><p><strong class=\"privacy-policy-tutorial\">Texto sugerido: <\/strong>Los art\u00edculos de este sitio pueden incluir contenido incrustado (por ejemplo, v\u00eddeos, im\u00e1genes, art\u00edculos, etc.). El contenido incrustado de otras webs se comporta exactamente de la misma manera que si el visitante hubiera visitado la otra web.<\/p><!-- \/wp:paragraph --><!-- wp:paragraph --><p>Estas web pueden recopilar datos sobre ti, utilizar cookies, incrustar un seguimiento adicional de terceros, y supervisar tu interacci\u00f3n con ese contenido incrustado, incluido el seguimiento de tu interacci\u00f3n con el contenido incrustado si tienes una cuenta y est\u00e1s conectado a esa web.<\/p><!-- \/wp:paragraph --><!-- wp:heading --><h2>Con qui\u00e9n compartimos tus datos<\/h2><!-- \/wp:heading --><!-- wp:paragraph --><p><strong class=\"privacy-policy-tutorial\">Texto sugerido: <\/strong>Si solicitas un restablecimiento de contrase\u00f1a, tu direcci\u00f3n IP ser\u00e1 incluida en el correo electr\u00f3nico de restablecimiento.<\/p><!-- \/wp:paragraph --><!-- wp:heading --><h2>Cu\u00e1nto tiempo conservamos tus datos<\/h2><!-- \/wp:heading --><!-- wp:paragraph --><p><strong class=\"privacy-policy-tutorial\">Texto sugerido: <\/strong>Si dejas un comentario, el comentario y sus metadatos se conservan indefinidamente. Esto es para que podamos reconocer y aprobar comentarios sucesivos autom\u00e1ticamente, en lugar de mantenerlos en una cola de moderaci\u00f3n.<\/p><!-- \/wp:paragraph --><!-- wp:paragraph --><p>De los usuarios que se registran en nuestra web (si los hay), tambi\u00e9n almacenamos la informaci\u00f3n personal que proporcionan en su perfil de usuario. Todos los usuarios pueden ver, editar o eliminar su informaci\u00f3n personal en cualquier momento (excepto que no pueden cambiar su nombre de usuario). Los administradores de la web tambi\u00e9n pueden ver y editar esa informaci\u00f3n.<\/p><!-- \/wp:paragraph --><!-- wp:heading --><h2>Qu\u00e9 derechos tienes sobre tus datos<\/h2><!-- \/wp:heading --><!-- wp:paragraph --><p><strong class=\"privacy-policy-tutorial\">Texto sugerido: <\/strong>Si tienes una cuenta o has dejado comentarios en esta web, puedes solicitar recibir un archivo de exportaci\u00f3n de los datos personales que tenemos sobre ti, incluyendo cualquier dato que nos hayas proporcionado. Tambi\u00e9n puedes solicitar que eliminemos cualquier dato personal que tengamos sobre ti. Esto no incluye ning\u00fan dato que estemos obligados a conservar con fines administrativos, legales o de seguridad.<\/p><!-- \/wp:paragraph --><!-- wp:heading --><h2>D\u00f3nde se env\u00edan tus datos<\/h2><!-- \/wp:heading --><!-- wp:paragraph --><p><strong class=\"privacy-policy-tutorial\">Texto sugerido: <\/strong>Los comentarios de los visitantes puede que los revise un servicio de detecci\u00f3n autom\u00e1tica de spam.<\/p><!-- \/wp:paragraph -->","_et_gb_content_width":"","footnotes":""},"class_list":["post-3","page","type-page","status-publish","hentry"],"_links":{"self":[{"href":"https:\/\/www.mrh.cl\/wp-json\/wp\/v2\/pages\/3","targetHints":{"allow":["GET"]}}],"collection":[{"href":"https:\/\/www.mrh.cl\/wp-json\/wp\/v2\/pages"}],"about":[{"href":"https:\/\/www.mrh.cl\/wp-json\/wp\/v2\/types\/page"}],"author":[{"embeddable":true,"href":"https:\/\/www.mrh.cl\/wp-json\/wp\/v2\/users\/1"}],"replies":[{"embeddable":true,"href":"https:\/\/www.mrh.cl\/wp-json\/wp\/v2\/comments?post=3"}],"version-history":[{"count":12,"href":"https:\/\/www.mrh.cl\/wp-json\/wp\/v2\/pages\/3\/revisions"}],"predecessor-version":[{"id":878,"href":"https:\/\/www.mrh.cl\/wp-json\/wp\/v2\/pages\/3\/revisions\/878"}],"wp:attachment":[{"href":"https:\/\/www.mrh.cl\/wp-json\/wp\/v2\/media?parent=3"}],"curies":[{"name":"wp","href":"https:\/\/api.w.org\/{rel}","templated":true}]}}