{"id":365,"date":"2026-02-09T18:20:34","date_gmt":"2026-02-09T18:20:34","guid":{"rendered":"https:\/\/www.mrh.cl\/?page_id=365"},"modified":"2026-03-10T14:46:08","modified_gmt":"2026-03-10T14:46:08","slug":"nosotros","status":"publish","type":"page","link":"https:\/\/www.mrh.cl\/nosotros\/","title":{"rendered":"Nosotros"},"content":{"rendered":"<p>[et_pb_section fb_built=&#8221;1&#8243; disabled_on=&#8221;off|off|off&#8221; _builder_version=&#8221;4.27.5&#8243; _module_preset=&#8221;default&#8221; background_color=&#8221;#2a789b&#8221; custom_padding=&#8221;1em||1em||true|false&#8221; da_disable_devices=&#8221;off|off|off&#8221; border_width_bottom=&#8221;3px&#8221; border_color_bottom=&#8221;#FFFFFF&#8221; locked=&#8221;off&#8221; global_colors_info=&#8221;{}&#8221; da_is_popup=&#8221;off&#8221; da_exit_intent=&#8221;off&#8221; da_has_close=&#8221;on&#8221; da_alt_close=&#8221;off&#8221; da_dark_close=&#8221;off&#8221; da_not_modal=&#8221;on&#8221; da_is_singular=&#8221;off&#8221; da_with_loader=&#8221;off&#8221; da_has_shadow=&#8221;on&#8221;][et_pb_row column_structure=&#8221;3_4,1_4&#8243; make_equal=&#8221;on&#8221; _builder_version=&#8221;4.27.5&#8243; _module_preset=&#8221;default&#8221; custom_css_main_element=&#8221;display: flex; align-items: center;&#8221; global_colors_info=&#8221;{}&#8221; custom_css_main_element_last_edited=&#8221;on|phone&#8221; custom_css_main_element_phone=&#8221;display: flex;||flex-direction: column;||width: 80% !important;||padding-bottom: 0;&#8221; custom_css_main_element_tablet=&#8221;display: flex; align-items: center;&#8221;][et_pb_column type=&#8221;3_4&#8243; _builder_version=&#8221;4.27.5&#8243; _module_preset=&#8221;default&#8221; global_colors_info=&#8221;{}&#8221;][et_pb_blurb title=&#8221;Nosotros &#8211; USACH&#8221; image=&#8221;https:\/\/www.mrh.cl\/wp-content\/uploads\/2022\/11\/icon-flecha.svg&#8221; icon_placement=&#8221;left&#8221; content_max_width=&#8221;100%&#8221; _builder_version=&#8221;4.27.5&#8243; _module_preset=&#8221;default&#8221; header_level=&#8221;h1&#8243; header_text_color=&#8221;#FFFFFF&#8221; header_font_size_tablet=&#8221;&#8221; header_font_size_phone=&#8221;26px&#8221; header_font_size_last_edited=&#8221;on|phone&#8221; global_colors_info=&#8221;{}&#8221;][\/et_pb_blurb][\/et_pb_column][et_pb_column type=&#8221;1_4&#8243; _builder_version=&#8221;4.27.5&#8243; _module_preset=&#8221;default&#8221; global_colors_info=&#8221;{}&#8221;][et_pb_image src=&#8221;https:\/\/www.mrh.cl\/wp-content\/uploads\/2026\/02\/web-mrh-2026.webp&#8221; alt=&#8221;Logo&#8221; title_text=&#8221;web-mrh-2026&#8243; disabled_on=&#8221;on|off|off&#8221; _builder_version=&#8221;4.27.5&#8243; _module_preset=&#8221;default&#8221; width=&#8221;100%&#8221; module_alignment=&#8221;right&#8221; global_colors_info=&#8221;{}&#8221;][\/et_pb_image][\/et_pb_column][\/et_pb_row][\/et_pb_section][et_pb_section fb_built=&#8221;1&#8243; module_id=&#8221;sobre-nosotros&#8221; _builder_version=&#8221;4.17.6&#8243; _module_preset=&#8221;default&#8221; da_disable_devices=&#8221;off|off|off&#8221; locked=&#8221;off&#8221; global_colors_info=&#8221;{}&#8221; da_is_popup=&#8221;off&#8221; da_exit_intent=&#8221;off&#8221; da_has_close=&#8221;on&#8221; da_alt_close=&#8221;off&#8221; da_dark_close=&#8221;off&#8221; da_not_modal=&#8221;on&#8221; da_is_singular=&#8221;off&#8221; da_with_loader=&#8221;off&#8221; da_has_shadow=&#8221;on&#8221;][et_pb_row column_structure=&#8221;1_2,1_2&#8243; _builder_version=&#8221;4.17.6&#8243; _module_preset=&#8221;default&#8221; global_colors_info=&#8221;{}&#8221;][et_pb_column type=&#8221;1_2&#8243; _builder_version=&#8221;4.17.6&#8243; _module_preset=&#8221;default&#8221; global_colors_info=&#8221;{}&#8221;][et_pb_text _builder_version=&#8221;4.27.5&#8243; _module_preset=&#8221;default&#8221; header_2_font_size=&#8221;22px&#8221; custom_margin=&#8221;||0px||false|false&#8221; global_colors_info=&#8221;{}&#8221;]<\/p>\n<h2>Sobre Nosotros<\/h2>\n<p>[\/et_pb_text][et_pb_divider color=&#8221;#EAAC59&#8243; divider_weight=&#8221;3px&#8221; _builder_version=&#8221;4.17.6&#8243; _module_preset=&#8221;default&#8221; width=&#8221;200px&#8221; custom_margin=&#8221;||0px||false|false&#8221; custom_padding=&#8221;0px||||false|false&#8221; global_colors_info=&#8221;{}&#8221;][\/et_pb_divider][et_pb_text _builder_version=&#8221;4.27.5&#8243; _module_preset=&#8221;default&#8221; header_3_font_size=&#8221;26px&#8221; global_colors_info=&#8221;{}&#8221;]<\/p>\n<h3>Nuestra Universidad<\/h3>\n<p>La Universidad de Santiago de Chile cuenta con una vasta trayectoria acad\u00e9mica de m\u00e1s de 174 a\u00f1os de excelencia, con \u00e9nfasis en la investigaci\u00f3n y una mirada global. El prestigioso Ranking Mundial QS 2023, nos ubica dentro de las tres mejores universidades del pa\u00eds, lo que demuestra nuestro compromiso acad\u00e9mico institucional que se expresa no s\u00f3lo en la formaci\u00f3n de profesionales que aportan al pa\u00eds, sino tambi\u00e9n en la investigaci\u00f3n con impacto nacional e internacional.<\/p>\n<p>[\/et_pb_text][et_pb_image src=&#8221;https:\/\/www.mrh.cl\/wp-content\/uploads\/2023\/12\/nuestra-universidad-174.svg&#8221; title_text=&#8221;nuestra-universidad-174&#8243; _builder_version=&#8221;4.23.1&#8243; _module_preset=&#8221;default&#8221; width=&#8221;90%&#8221; custom_margin=&#8221;10px||10px||true|false&#8221; global_colors_info=&#8221;{}&#8221;][\/et_pb_image][et_pb_image src=&#8221;https:\/\/www.mrh.cl\/wp-content\/uploads\/2022\/11\/nuestra-universidad-3.svg&#8221; title_text=&#8221;nuestra-universidad-3&#8243; _builder_version=&#8221;4.19.1&#8243; _module_preset=&#8221;default&#8221; width=&#8221;90%&#8221; custom_margin=&#8221;10px||10px||true|false&#8221; global_colors_info=&#8221;{}&#8221;][\/et_pb_image][et_pb_image src=&#8221;https:\/\/www.mrh.cl\/wp-content\/uploads\/2022\/11\/nuestra-universidad-90.svg&#8221; title_text=&#8221;nuestra-universidad-90&#8243; _builder_version=&#8221;4.19.1&#8243; _module_preset=&#8221;default&#8221; width=&#8221;90%&#8221; custom_margin=&#8221;10px||10px||true|false&#8221; global_colors_info=&#8221;{}&#8221;][\/et_pb_image][et_pb_image src=&#8221;https:\/\/www.mrh.cl\/wp-content\/uploads\/2022\/11\/nuestra-universidad-150.svg&#8221; title_text=&#8221;nuestra-universidad-150&#8243; _builder_version=&#8221;4.19.1&#8243; _module_preset=&#8221;default&#8221; width=&#8221;90%&#8221; custom_margin=&#8221;10px||10px||true|false&#8221; global_colors_info=&#8221;{}&#8221;][\/et_pb_image][et_pb_image src=&#8221;https:\/\/www.mrh.cl\/wp-content\/uploads\/2022\/11\/nuestra-universidad-379.svg&#8221; title_text=&#8221;nuestra-universidad-379&#8243; _builder_version=&#8221;4.19.1&#8243; _module_preset=&#8221;default&#8221; width=&#8221;90%&#8221; custom_margin=&#8221;10px||10px||true|false&#8221; global_colors_info=&#8221;{}&#8221;][\/et_pb_image][\/et_pb_column][et_pb_column type=&#8221;1_2&#8243; _builder_version=&#8221;4.17.6&#8243; _module_preset=&#8221;default&#8221; global_colors_info=&#8221;{}&#8221;][et_pb_image src=&#8221;https:\/\/www.mrh.cl\/wp-content\/uploads\/2022\/08\/foto-edificio-fae.jpg&#8221; title_text=&#8221;foto-edificio-fae&#8221; _builder_version=&#8221;4.19.1&#8243; _module_preset=&#8221;default&#8221; custom_margin=&#8221;||2px||false|false&#8221; global_colors_info=&#8221;{}&#8221;][\/et_pb_image][et_pb_text _builder_version=&#8221;4.17.6&#8243; _module_preset=&#8221;default&#8221; text_orientation=&#8221;right&#8221; global_colors_info=&#8221;{}&#8221;]<\/p>\n<p>Fotograf\u00eda por Patricia Salas (2022)<\/p>\n<p>[\/et_pb_text][\/et_pb_column][\/et_pb_row][\/et_pb_section][et_pb_section fb_built=&#8221;1&#8243; _builder_version=&#8221;4.27.5&#8243; _module_preset=&#8221;default&#8221; custom_padding=&#8221;||8em||false|false&#8221; da_disable_devices=&#8221;off|off|off&#8221; locked=&#8221;off&#8221; global_colors_info=&#8221;{}&#8221; da_is_popup=&#8221;off&#8221; da_exit_intent=&#8221;off&#8221; da_has_close=&#8221;on&#8221; da_alt_close=&#8221;off&#8221; da_dark_close=&#8221;off&#8221; da_not_modal=&#8221;on&#8221; da_is_singular=&#8221;off&#8221; da_with_loader=&#8221;off&#8221; da_has_shadow=&#8221;on&#8221;][et_pb_row column_structure=&#8221;1_2,1_2&#8243; _builder_version=&#8221;4.17.6&#8243; _module_preset=&#8221;default&#8221; global_colors_info=&#8221;{}&#8221;][et_pb_column type=&#8221;1_2&#8243; _builder_version=&#8221;4.17.6&#8243; _module_preset=&#8221;default&#8221; global_colors_info=&#8221;{}&#8221;][et_pb_image src=&#8221;https:\/\/www.mrh.cl\/wp-content\/uploads\/2022\/08\/carlos-gomez-director.jpg&#8221; title_text=&#8221;carlos-gomez-director&#8221; _builder_version=&#8221;4.19.1&#8243; _module_preset=&#8221;default&#8221; global_colors_info=&#8221;{}&#8221;][\/et_pb_image][\/et_pb_column][et_pb_column type=&#8221;1_2&#8243; _builder_version=&#8221;4.17.6&#8243; _module_preset=&#8221;default&#8221; global_colors_info=&#8221;{}&#8221;][et_pb_text _builder_version=&#8221;4.27.5&#8243; _module_preset=&#8221;default&#8221; custom_margin=&#8221;||0px||false|false&#8221; global_colors_info=&#8221;{}&#8221;]<\/p>\n<h3>Sobre Nosotros<\/h3>\n<p>[\/et_pb_text][et_pb_divider color=&#8221;#EAAC59&#8243; divider_weight=&#8221;3px&#8221; _builder_version=&#8221;4.17.6&#8243; _module_preset=&#8221;default&#8221; width=&#8221;200px&#8221; custom_margin=&#8221;||0px||false|false&#8221; global_colors_info=&#8221;{}&#8221;][\/et_pb_divider][et_pb_text _builder_version=&#8221;4.27.5&#8243; _module_preset=&#8221;default&#8221; header_4_font_size=&#8221;26px&#8221; global_colors_info=&#8221;{}&#8221;]<\/p>\n<h4>Palabras del Director<\/h4>\n<p>Para nadie es desconocido el valor que tiene la gesti\u00f3n de las personas al interior de las organizaciones y en la consecuci\u00f3n de sus metas. Por ello, el Mag\u00edster en Administraci\u00f3n y Direcci\u00f3n de Recursos Humanos apunta a contribuir al desarrollo de profesionales en la Gesti\u00f3n Racional de Personas en las Organizaciones, a trav\u00e9s de una mirada amplia e integradora, conciliando la teor\u00eda con la pr\u00e1ctica.<\/p>\n<p>Siendo el primero de su tipo \u2013se inici\u00f3 1996- el Mag\u00edster en Administraci\u00f3n y Direcci\u00f3n de Recursos Humanos ha contribuido a la formaci\u00f3n de profesionales del m\u00e1s alto nivel, qui\u00e9nes hoy cuentan con las herramientas necesarias para hacer frente a los retos que este campo impone, impactando positivamente el desempe\u00f1o general de la organizaci\u00f3n a trav\u00e9s de las personas y sus talentos.<\/p>\n<p><strong>Dr. Carlos G\u00f3mez D\u00edaz<\/strong><br \/>Director Mag\u00edster en Administraci\u00f3n y Direcci\u00f3n en Recursos Humanos<\/p>\n<p>[\/et_pb_text][\/et_pb_column][\/et_pb_row][\/et_pb_section][et_pb_section fb_built=&#8221;1&#8243; module_id=&#8221;contacto&#8221; _builder_version=&#8221;4.17.6&#8243; _module_preset=&#8221;default&#8221; background_color=&#8221;#DADADA&#8221; da_disable_devices=&#8221;off|off|off&#8221; locked=&#8221;off&#8221; global_colors_info=&#8221;{}&#8221; da_is_popup=&#8221;off&#8221; da_exit_intent=&#8221;off&#8221; da_has_close=&#8221;on&#8221; da_alt_close=&#8221;off&#8221; da_dark_close=&#8221;off&#8221; da_not_modal=&#8221;on&#8221; da_is_singular=&#8221;off&#8221; da_with_loader=&#8221;off&#8221; da_has_shadow=&#8221;on&#8221;][et_pb_row _builder_version=&#8221;4.27.5&#8243; _module_preset=&#8221;default&#8221; width_tablet=&#8221;&#8221; width_phone=&#8221;90%&#8221; width_last_edited=&#8221;on|phone&#8221; global_module=&#8221;377&#8243; saved_tabs=&#8221;all&#8221; global_colors_info=&#8221;{}&#8221;][et_pb_column type=&#8221;4_4&#8243; _builder_version=&#8221;4.17.6&#8243; _module_preset=&#8221;default&#8221; global_colors_info=&#8221;{}&#8221;][et_pb_text _builder_version=&#8221;4.27.5&#8243; _module_preset=&#8221;default&#8221; header_3_font_size=&#8221;32px&#8221; custom_margin=&#8221;||0px||false|false&#8221; global_colors_info=&#8221;{}&#8221;]<\/p>\n<h3>Postula ahora<\/h3>\n<p>[\/et_pb_text][et_pb_divider color=&#8221;#EAAC59&#8243; divider_weight=&#8221;3px&#8221; _builder_version=&#8221;4.17.6&#8243; _module_preset=&#8221;default&#8221; width=&#8221;200px&#8221; custom_margin=&#8221;||0px||false|false&#8221; global_colors_info=&#8221;{}&#8221;][\/et_pb_divider][et_pb_text _builder_version=&#8221;4.27.5&#8243; _module_preset=&#8221;default&#8221; header_4_font_size=&#8221;26px&#8221; global_colors_info=&#8221;{}&#8221;]<\/p>\n<h4>Completa tus datos para iniciar el proceso<\/h4>\n<p>[\/et_pb_text][et_pb_code _builder_version=&#8221;4.27.5&#8243; _module_preset=&#8221;default&#8221; global_colors_info=&#8221;{}&#8221;]<style id=\"wpforms-css-vars-594\">\n\t\t\t\t#wpforms-594 {\n\t\t\t\t--wpforms-field-border-size: 0px;\n--wpforms-field-border-radius: 5px;\n--wpforms-field-background-color: #eeeeee;\n--wpforms-field-border-color: #eeeeee;\n--wpforms-field-border-color-spare: #eeeeee;\n--wpforms-field-text-color: #4e4e4e;\n--wpforms-label-color: #4e4e4e;\n--wpforms-label-sublabel-color: #4e4e4e;\n--wpforms-button-border-radius: 5px;\n--wpforms-button-background-color: #EAAC59;\n--wpforms-background-color: rgba(0, 0, 0, 0);\n--wpforms-field-size-input-height: 43px;\n--wpforms-field-size-input-spacing: 15px;\n--wpforms-field-size-font-size: 16px;\n--wpforms-field-size-line-height: 19px;\n--wpforms-field-size-padding-h: 14px;\n--wpforms-field-size-checkbox-size: 16px;\n--wpforms-field-size-sublabel-spacing: 5px;\n--wpforms-field-size-icon-size: 1;\n--wpforms-label-size-font-size: 16px;\n--wpforms-label-size-line-height: 19px;\n--wpforms-label-size-sublabel-font-size: 14px;\n--wpforms-label-size-sublabel-line-height: 17px;\n--wpforms-button-size-font-size: 17px;\n--wpforms-button-size-height: 41px;\n--wpforms-button-size-padding-h: 15px;\n--wpforms-button-size-margin-top: 10px;\n--wpforms-container-shadow-size-box-shadow: none;\n\t\t\t}\n\t\t\t<\/style><div class=\"wpforms-container wpforms-container-full wpforms-render-modern\" id=\"wpforms-594\"><form id=\"wpforms-form-594\" class=\"wpforms-validate wpforms-form wpforms-ajax-form\" data-formid=\"594\" method=\"post\" enctype=\"multipart\/form-data\" action=\"\/index.php\/wp-json\/wp\/v2\/pages\/365\" data-token=\"05f632d2797f35c478e646e5d975d98d\" data-token-time=\"1776229232\"><noscript class=\"wpforms-error-noscript\">Por favor, activa JavaScript en tu navegador para completar este formulario.<\/noscript><div id=\"wpforms-error-noscript\" style=\"display: none;\">Por favor, activa JavaScript en tu navegador para completar este formulario.<\/div><div class=\"wpforms-field-container\"><div id=\"wpforms-594-field_2-container\" class=\"wpforms-field wpforms-field-layout\" data-field-id=\"2\"><div class=\"wpforms-field-layout-rows wpforms-field-large\"><div class=\"wpforms-layout-row\"><div class=\"wpforms-layout-column wpforms-layout-column-50\"><div id=\"wpforms-594-field_10-container\" class=\"wpforms-field wpforms-field-name input\" data-field-id=\"10\"><label class=\"wpforms-field-label\" for=\"wpforms-594-field_10\">Nombres <span class=\"wpforms-required-label\" aria-hidden=\"true\">*<\/span><\/label><input type=\"text\" id=\"wpforms-594-field_10\" class=\"wpforms-field-large wpforms-field-required\" name=\"wpforms[fields][10]\" placeholder=\"Nombre\" aria-errormessage=\"wpforms-594-field_10-error\" required><\/div><\/div><div class=\"wpforms-layout-column wpforms-layout-column-50\"><div id=\"wpforms-594-field_22-container\" class=\"wpforms-field wpforms-field-name input\" data-field-id=\"22\"><label class=\"wpforms-field-label\" for=\"wpforms-594-field_22\">Apellidos <span class=\"wpforms-required-label\" aria-hidden=\"true\">*<\/span><\/label><input type=\"text\" id=\"wpforms-594-field_22\" class=\"wpforms-field-small wpforms-field-required\" name=\"wpforms[fields][22]\" placeholder=\"Apellido\" aria-errormessage=\"wpforms-594-field_22-error\" required><\/div><\/div><\/div><div class=\"wpforms-layout-row\"><div class=\"wpforms-layout-column wpforms-layout-column-50\"><div id=\"wpforms-594-field_4-container\" class=\"wpforms-field wpforms-field-email input\" data-field-id=\"4\"><label class=\"wpforms-field-label\" for=\"wpforms-594-field_4\">Correo electr\u00f3nico <span class=\"wpforms-required-label\" aria-hidden=\"true\">*<\/span><\/label><input type=\"email\" id=\"wpforms-594-field_4\" class=\"wpforms-field-medium wpforms-field-required\" name=\"wpforms[fields][4]\" placeholder=\"correo@ejemplo.com\" spellcheck=\"false\" aria-errormessage=\"wpforms-594-field_4-error\" required><\/div><\/div><div class=\"wpforms-layout-column wpforms-layout-column-50\"><div id=\"wpforms-594-field_16-container\" class=\"wpforms-field wpforms-field-phone input\" data-field-id=\"16\"><label class=\"wpforms-field-label\" for=\"wpforms-594-field_16\">Tel\u00e9fono <span class=\"wpforms-required-label\" aria-hidden=\"true\">*<\/span><\/label><input type=\"tel\" id=\"wpforms-594-field_16\" class=\"wpforms-field-medium wpforms-field-required wpforms-smart-phone-field\" data-rule-smart-phone-field=\"true\" name=\"wpforms[fields][16]\" placeholder=\"Telefono\" aria-label=\"Tel\u00e9fono\" aria-errormessage=\"wpforms-594-field_16-error\" required><\/div><\/div><\/div><\/div><\/div><div id=\"wpforms-594-field_19-container\" class=\"wpforms-field wpforms-field-layout\" data-field-id=\"19\"><div class=\"wpforms-field-layout-columns wpforms-field-layout-preset-50-50\"><div class=\"wpforms-layout-column wpforms-layout-column-50\" ><div id=\"wpforms-594-field_5-container\" class=\"wpforms-field wpforms-field-select input wpforms-conditional-trigger wpforms-field-select-style-classic\" data-field-id=\"5\"><label class=\"wpforms-field-label\" for=\"wpforms-594-field_5\">Tipo de Documento <span class=\"wpforms-required-label\" aria-hidden=\"true\">*<\/span><\/label><select id=\"wpforms-594-field_5\" class=\"wpforms-field-medium wpforms-field-required\" name=\"wpforms[fields][5]\" required=\"required\"><option value=\"\" class=\"placeholder\" disabled  selected='selected'>-- Selecciona la opci\u00f3n --<\/option><option value=\"RUT\"  class=\"choice-1 depth-1\"  >RUT<\/option><option value=\"Pasaporte\"  class=\"choice-2 depth-1\"  >Pasaporte<\/option><\/select><\/div><\/div><div class=\"wpforms-layout-column wpforms-layout-column-50\" ><div id=\"wpforms-594-field_13-container\" class=\"wpforms-field wpforms-field-text input wpforms-conditional-field wpforms-conditional-show\" data-field-id=\"13\" style=\"display:none;\"><label class=\"wpforms-field-label\" for=\"wpforms-594-field_13\">Rut <span class=\"wpforms-required-label\" aria-hidden=\"true\">*<\/span><\/label><input type=\"text\" id=\"wpforms-594-field_13\" class=\"wpforms-field-medium wpforms-field-required wpforms-masked-input\" data-rule-inputmask-incomplete=\"1\" data-inputmask-mask=\"99.999.999-*\" name=\"wpforms[fields][13]\" placeholder=\"12.345.678-9\" aria-errormessage=\"wpforms-594-field_13-error\" required><\/div><div id=\"wpforms-594-field_14-container\" class=\"wpforms-field wpforms-field-text input wpforms-conditional-field wpforms-conditional-show\" data-field-id=\"14\" style=\"display:none;\"><label class=\"wpforms-field-label\" for=\"wpforms-594-field_14\">Pasaporte <span class=\"wpforms-required-label\" aria-hidden=\"true\">*<\/span><\/label><input type=\"text\" id=\"wpforms-594-field_14\" class=\"wpforms-field-medium wpforms-field-required\" name=\"wpforms[fields][14]\" placeholder=\"N\u00famero de Pasaporte\" aria-errormessage=\"wpforms-594-field_14-error\" required><\/div><\/div><\/div><\/div>\t\t<div id=\"wpforms-594-field_1-container\"\n\t\t\tclass=\"wpforms-field wpforms-field-text\"\n\t\t\tdata-field-type=\"text\"\n\t\t\tdata-field-id=\"1\"\n\t\t\t>\n\t\t\t<label class=\"wpforms-field-label\" for=\"wpforms-594-field_1\" >Dise\u00f1o de de<\/label>\n\t\t\t<input type=\"text\" id=\"wpforms-594-field_1\" class=\"wpforms-field-medium\" name=\"wpforms[fields][1]\" >\n\t\t<\/div>\n\t\t<div id=\"wpforms-594-field_11-container\" class=\"wpforms-field wpforms-field-textarea input\" data-field-id=\"11\"><label class=\"wpforms-field-label\" for=\"wpforms-594-field_11\">Mensaje<\/label><textarea id=\"wpforms-594-field_11\" class=\"wpforms-field-medium\" name=\"wpforms[fields][11]\" placeholder=\"Escribe tu mensaje\" aria-errormessage=\"wpforms-594-field_11-error\" ><\/textarea><\/div><div id=\"wpforms-594-field_18-container\" class=\"wpforms-field wpforms-field-checkbox\" data-field-id=\"18\"><fieldset><legend class=\"wpforms-field-label wpforms-label-hide\" aria-hidden=\"false\">Casillas de verificaci\u00f3n<\/legend><ul id=\"wpforms-594-field_18\"><li class=\"choice-1 depth-1\"><input type=\"checkbox\" id=\"wpforms-594-field_18_1\" name=\"wpforms[fields][18][]\" value=\"Acepto el tratamiento de mis datos personales seg\u00fan la &lt;a href=&quot;https:\/\/www.mrh.cl\/index.php\/politica-privacidad\/&quot; target=&quot;_blank&quot;&gt;Pol\u00edtica de Privacidad&lt;\/a&gt;\" aria-errormessage=\"wpforms-594-field_18_1-error\"  ><label class=\"wpforms-field-label-inline\" for=\"wpforms-594-field_18_1\">Acepto el tratamiento de mis datos personales seg\u00fan la <a href=\"https:\/\/www.mrh.cl\/index.php\/politica-privacidad\/\" target=\"_blank\">Pol\u00edtica de Privacidad<\/a><\/label><\/li><\/ul><\/fieldset><\/div><div id=\"wpforms-594-field_21-container\" class=\"wpforms-field wpforms-field-html\" data-field-id=\"21\"><div id=\"wpforms-594-field_21\" aria-errormessage=\"wpforms-594-field_21-error\"><p><span style=\"color: red;\">*<\/span> Obligatorio<\/p><\/div><\/div><script>\n\t\t\t\t( function() {\n\t\t\t\t\tconst style = document.createElement( 'style' );\n\t\t\t\t\tstyle.appendChild( document.createTextNode( '#wpforms-594-field_1-container { position: absolute !important; overflow: hidden !important; display: inline !important; height: 1px !important; width: 1px !important; z-index: -1000 !important; padding: 0 !important; } #wpforms-594-field_1-container input { visibility: hidden; } #wpforms-conversational-form-page #wpforms-594-field_1-container label { counter-increment: none; }' ) );\n\t\t\t\t\tdocument.head.appendChild( style );\n\t\t\t\t\tdocument.currentScript?.remove();\n\t\t\t\t} )();\n\t\t\t<\/script><\/div><!-- .wpforms-field-container --><div class=\"wpforms-recaptcha-container wpforms-is-recaptcha wpforms-is-recaptcha-type-v2\" ><div class=\"g-recaptcha\" data-sitekey=\"6LelwmIsAAAAADZK5VK3bq-OS9ikX3z7Xr0uFuc5\"><\/div><input type=\"text\" name=\"g-recaptcha-hidden\" class=\"wpforms-recaptcha-hidden\" style=\"position:absolute!important;clip:rect(0,0,0,0)!important;height:1px!important;width:1px!important;border:0!important;overflow:hidden!important;padding:0!important;margin:0!important;\" data-rule-recaptcha=\"1\"><\/div><div class=\"wpforms-submit-container\" ><input type=\"hidden\" name=\"wpforms[id]\" value=\"594\"><input type=\"hidden\" name=\"page_title\" value=\"\"><input type=\"hidden\" name=\"page_url\" value=\"https:\/\/www.mrh.cl\/index.php\/wp-json\/wp\/v2\/pages\/365\"><input type=\"hidden\" name=\"url_referer\" value=\"\"><button type=\"submit\" name=\"wpforms[submit]\" id=\"wpforms-submit-594\" class=\"wpforms-submit\" data-alt-text=\"Enviando...\" data-submit-text=\"Enviar\" aria-live=\"assertive\" value=\"wpforms-submit\">Enviar<\/button><img loading=\"lazy\" decoding=\"async\" src=\"https:\/\/www.mrh.cl\/wp-content\/plugins\/wpforms\/assets\/images\/submit-spin.svg\" class=\"wpforms-submit-spinner\" style=\"display: none;\" width=\"26\" height=\"26\" alt=\"Cargando\"><\/div><\/form><\/div>  <!-- .wpforms-container -->[\/et_pb_code][\/et_pb_column][\/et_pb_row][\/et_pb_section]<\/p>\n","protected":false},"excerpt":{"rendered":"<p>Sobre NosotrosNuestra Universidad La Universidad de Santiago de Chile cuenta con una vasta trayectoria acad\u00e9mica de m\u00e1s de 174 a\u00f1os de excelencia, con \u00e9nfasis en la investigaci\u00f3n y una mirada global. El prestigioso Ranking Mundial QS 2023, nos ubica dentro de las tres mejores universidades del pa\u00eds, lo que demuestra nuestro compromiso acad\u00e9mico institucional que [&hellip;]<\/p>\n","protected":false},"author":2,"featured_media":0,"parent":0,"menu_order":0,"comment_status":"closed","ping_status":"closed","template":"","meta":{"_et_pb_use_builder":"on","_et_pb_old_content":"","_et_gb_content_width":"","footnotes":""},"class_list":["post-365","page","type-page","status-publish","hentry"],"_links":{"self":[{"href":"https:\/\/www.mrh.cl\/wp-json\/wp\/v2\/pages\/365","targetHints":{"allow":["GET"]}}],"collection":[{"href":"https:\/\/www.mrh.cl\/wp-json\/wp\/v2\/pages"}],"about":[{"href":"https:\/\/www.mrh.cl\/wp-json\/wp\/v2\/types\/page"}],"author":[{"embeddable":true,"href":"https:\/\/www.mrh.cl\/wp-json\/wp\/v2\/users\/2"}],"replies":[{"embeddable":true,"href":"https:\/\/www.mrh.cl\/wp-json\/wp\/v2\/comments?post=365"}],"version-history":[{"count":12,"href":"https:\/\/www.mrh.cl\/wp-json\/wp\/v2\/pages\/365\/revisions"}],"predecessor-version":[{"id":868,"href":"https:\/\/www.mrh.cl\/wp-json\/wp\/v2\/pages\/365\/revisions\/868"}],"wp:attachment":[{"href":"https:\/\/www.mrh.cl\/wp-json\/wp\/v2\/media?parent=365"}],"curies":[{"name":"wp","href":"https:\/\/api.w.org\/{rel}","templated":true}]}}